{"id":769,"date":"2016-11-13T11:31:57","date_gmt":"2016-11-13T11:31:57","guid":{"rendered":"https:\/\/heimatverein-baccum.de\/?page_id=769"},"modified":"2025-12-23T20:22:19","modified_gmt":"2025-12-23T19:22:19","slug":"infoflyer","status":"publish","type":"page","link":"https:\/\/heimatverein-baccum.de\/?page_id=769","title":{"rendered":"Infoflyer"},"content":{"rendered":"<p><a href=\"http:\/\/heimatverein-baccum.de\/wp-content\/uploads\/2016\/11\/Flyer04-e1479036542784.jpg\">\n\t<div class=\"nextgen_pro_sidescroll\" id=\"gallery_ea416a36d74b3dde383b54dba3bdb38e\"\n\t\tdata-gallery-id=\"10\"><div class=\"nextgen_pro_sidescroll_wrapper\"><div id=\"ngg-image-0\" class=\"image-wrapper\"><a href=\"https:\/\/heimatverein-baccum.de\/wp-content\/gallery\/infoflyer-2016\/Flyer04.jpg\"\n\t\t\t\t\t\t\t\t\ttitle=\"\"\n\t\t\t\t\t\t\t\t\tdata-ngg-captions-nostylecopy=\"1\"\n\t\t\t\t\t\t\t\t\tdata-src=\"https:\/\/heimatverein-baccum.de\/wp-content\/gallery\/infoflyer-2016\/Flyer04.jpg\"\n\t\t\t\t\t\t\t\t\tdata-thumbnail=\"https:\/\/heimatverein-baccum.de\/wp-content\/gallery\/infoflyer-2016\/thumbs\/thumbs_Flyer04.jpg\"\n\t\t\t\t\t\t\t\t\tdata-image-id=\"232\"\n\t\t\t\t\t\t\t\t\tdata-title=\"Flyer04\"\n\t\t\t\t\t\t\t\t\tdata-description=\"\"\n\t\t\t\t\t\t\t\t\t\t\t\t\t\t\t\t\t\t\t\t\t\t\t\t\t\t\t\t\t\t\t\t\t\t\t\t\t\t\t\t\t\t\t\t\tclass=\"ngg-fancybox\" rel=\"ea416a36d74b3dde383b54dba3bdb38e\"><picture><source srcset='https:\/\/heimatverein-baccum.de\/wp-content\/gallery\/infoflyer-2016\/Flyer04.jpg'><img class=\"nextgen_pro_sidescroll_image\" title=\"Flyer04\" alt=\"Flyer04\" width=\"610\" height=\"1240\" style=\"max-width:610px;max-height:1240px\" src=\"https:\/\/heimatverein-baccum.de\/wp-content\/gallery\/infoflyer-2016\/Flyer04.jpg\" srcset=\"https:\/\/heimatverein-baccum.de\/wp-content\/gallery\/infoflyer-2016\/Flyer04.jpg\" \/><\/picture>\t\t\t\t\t\t\t\t<\/a><\/div><div id=\"ngg-image-1\" class=\"image-wrapper\"><a href=\"https:\/\/heimatverein-baccum.de\/wp-content\/gallery\/infoflyer-2016\/Flyer06.jpg\"\n\t\t\t\t\t\t\t\t\ttitle=\"\"\n\t\t\t\t\t\t\t\t\tdata-ngg-captions-nostylecopy=\"1\"\n\t\t\t\t\t\t\t\t\tdata-src=\"https:\/\/heimatverein-baccum.de\/wp-content\/gallery\/infoflyer-2016\/Flyer06.jpg\"\n\t\t\t\t\t\t\t\t\tdata-thumbnail=\"https:\/\/heimatverein-baccum.de\/wp-content\/gallery\/infoflyer-2016\/thumbs\/thumbs_Flyer06.jpg\"\n\t\t\t\t\t\t\t\t\tdata-image-id=\"233\"\n\t\t\t\t\t\t\t\t\tdata-title=\"Flyer06\"\n\t\t\t\t\t\t\t\t\tdata-description=\"\"\n\t\t\t\t\t\t\t\t\t\t\t\t\t\t\t\t\t\t\t\t\t\t\t\t\t\t\t\t\t\t\t\t\t\t\t\t\t\t\t\t\t\t\t\t\tclass=\"ngg-fancybox\" rel=\"ea416a36d74b3dde383b54dba3bdb38e\"><picture><source srcset='https:\/\/heimatverein-baccum.de\/wp-content\/gallery\/infoflyer-2016\/Flyer06.jpg'><img class=\"nextgen_pro_sidescroll_image\" title=\"Flyer06\" alt=\"Flyer06\" width=\"610\" height=\"1240\" style=\"max-width:610px;max-height:1240px\" src=\"https:\/\/heimatverein-baccum.de\/wp-content\/gallery\/infoflyer-2016\/Flyer06.jpg\" srcset=\"https:\/\/heimatverein-baccum.de\/wp-content\/gallery\/infoflyer-2016\/Flyer06.jpg\" \/><\/picture>\t\t\t\t\t\t\t\t<\/a><\/div><div id=\"ngg-image-2\" class=\"image-wrapper\"><a href=\"https:\/\/heimatverein-baccum.de\/wp-content\/gallery\/infoflyer-2016\/Flyer07.jpg\"\n\t\t\t\t\t\t\t\t\ttitle=\"\"\n\t\t\t\t\t\t\t\t\tdata-ngg-captions-nostylecopy=\"1\"\n\t\t\t\t\t\t\t\t\tdata-src=\"https:\/\/heimatverein-baccum.de\/wp-content\/gallery\/infoflyer-2016\/Flyer07.jpg\"\n\t\t\t\t\t\t\t\t\tdata-thumbnail=\"https:\/\/heimatverein-baccum.de\/wp-content\/gallery\/infoflyer-2016\/thumbs\/thumbs_Flyer07.jpg\"\n\t\t\t\t\t\t\t\t\tdata-image-id=\"234\"\n\t\t\t\t\t\t\t\t\tdata-title=\"Flyer07\"\n\t\t\t\t\t\t\t\t\tdata-description=\"\"\n\t\t\t\t\t\t\t\t\t\t\t\t\t\t\t\t\t\t\t\t\t\t\t\t\t\t\t\t\t\t\t\t\t\t\t\t\t\t\t\t\t\t\t\t\tclass=\"ngg-fancybox\" rel=\"ea416a36d74b3dde383b54dba3bdb38e\"><picture><source srcset='https:\/\/heimatverein-baccum.de\/wp-content\/gallery\/infoflyer-2016\/Flyer07.jpg'><img class=\"nextgen_pro_sidescroll_image\" title=\"Flyer07\" alt=\"Flyer07\" width=\"610\" height=\"1240\" style=\"max-width:610px;max-height:1240px\" src=\"https:\/\/heimatverein-baccum.de\/wp-content\/gallery\/infoflyer-2016\/Flyer07.jpg\" srcset=\"https:\/\/heimatverein-baccum.de\/wp-content\/gallery\/infoflyer-2016\/Flyer07.jpg\" \/><\/picture>\t\t\t\t\t\t\t\t<\/a><\/div><div id=\"ngg-image-3\" class=\"image-wrapper\"><a href=\"https:\/\/heimatverein-baccum.de\/wp-content\/gallery\/infoflyer-2016\/Flyer08.jpg\"\n\t\t\t\t\t\t\t\t\ttitle=\"\"\n\t\t\t\t\t\t\t\t\tdata-ngg-captions-nostylecopy=\"1\"\n\t\t\t\t\t\t\t\t\tdata-src=\"https:\/\/heimatverein-baccum.de\/wp-content\/gallery\/infoflyer-2016\/Flyer08.jpg\"\n\t\t\t\t\t\t\t\t\tdata-thumbnail=\"https:\/\/heimatverein-baccum.de\/wp-content\/gallery\/infoflyer-2016\/thumbs\/thumbs_Flyer08.jpg\"\n\t\t\t\t\t\t\t\t\tdata-image-id=\"235\"\n\t\t\t\t\t\t\t\t\tdata-title=\"Flyer08\"\n\t\t\t\t\t\t\t\t\tdata-description=\"\"\n\t\t\t\t\t\t\t\t\t\t\t\t\t\t\t\t\t\t\t\t\t\t\t\t\t\t\t\t\t\t\t\t\t\t\t\t\t\t\t\t\t\t\t\t\tclass=\"ngg-fancybox\" rel=\"ea416a36d74b3dde383b54dba3bdb38e\"><picture><source srcset='https:\/\/heimatverein-baccum.de\/wp-content\/gallery\/infoflyer-2016\/Flyer08.jpg'><img class=\"nextgen_pro_sidescroll_image\" title=\"Flyer08\" alt=\"Flyer08\" width=\"610\" height=\"1240\" style=\"max-width:610px;max-height:1240px\" src=\"https:\/\/heimatverein-baccum.de\/wp-content\/gallery\/infoflyer-2016\/Flyer08.jpg\" srcset=\"https:\/\/heimatverein-baccum.de\/wp-content\/gallery\/infoflyer-2016\/Flyer08.jpg\" \/><\/picture>\t\t\t\t\t\t\t\t<\/a><\/div><div id=\"ngg-image-4\" class=\"image-wrapper\"><a href=\"https:\/\/heimatverein-baccum.de\/wp-content\/gallery\/infoflyer-2016\/Flyer09.jpg\"\n\t\t\t\t\t\t\t\t\ttitle=\"\"\n\t\t\t\t\t\t\t\t\tdata-ngg-captions-nostylecopy=\"1\"\n\t\t\t\t\t\t\t\t\tdata-src=\"https:\/\/heimatverein-baccum.de\/wp-content\/gallery\/infoflyer-2016\/Flyer09.jpg\"\n\t\t\t\t\t\t\t\t\tdata-thumbnail=\"https:\/\/heimatverein-baccum.de\/wp-content\/gallery\/infoflyer-2016\/thumbs\/thumbs_Flyer09.jpg\"\n\t\t\t\t\t\t\t\t\tdata-image-id=\"236\"\n\t\t\t\t\t\t\t\t\tdata-title=\"Flyer09\"\n\t\t\t\t\t\t\t\t\tdata-description=\"\"\n\t\t\t\t\t\t\t\t\t\t\t\t\t\t\t\t\t\t\t\t\t\t\t\t\t\t\t\t\t\t\t\t\t\t\t\t\t\t\t\t\t\t\t\t\tclass=\"ngg-fancybox\" rel=\"ea416a36d74b3dde383b54dba3bdb38e\"><picture><source srcset='https:\/\/heimatverein-baccum.de\/wp-content\/gallery\/infoflyer-2016\/Flyer09.jpg'><img class=\"nextgen_pro_sidescroll_image\" title=\"Flyer09\" alt=\"Flyer09\" width=\"610\" height=\"1240\" style=\"max-width:610px;max-height:1240px\" src=\"https:\/\/heimatverein-baccum.de\/wp-content\/gallery\/infoflyer-2016\/Flyer09.jpg\" srcset=\"https:\/\/heimatverein-baccum.de\/wp-content\/gallery\/infoflyer-2016\/Flyer09.jpg\" \/><\/picture>\t\t\t\t\t\t\t\t<\/a><\/div><div id=\"ngg-image-5\" class=\"image-wrapper\"><a href=\"https:\/\/heimatverein-baccum.de\/wp-content\/gallery\/infoflyer-2016\/Flyer21.jpg\"\n\t\t\t\t\t\t\t\t\ttitle=\"\"\n\t\t\t\t\t\t\t\t\tdata-ngg-captions-nostylecopy=\"1\"\n\t\t\t\t\t\t\t\t\tdata-src=\"https:\/\/heimatverein-baccum.de\/wp-content\/gallery\/infoflyer-2016\/Flyer21.jpg\"\n\t\t\t\t\t\t\t\t\tdata-thumbnail=\"https:\/\/heimatverein-baccum.de\/wp-content\/gallery\/infoflyer-2016\/thumbs\/thumbs_Flyer21.jpg\"\n\t\t\t\t\t\t\t\t\tdata-image-id=\"237\"\n\t\t\t\t\t\t\t\t\tdata-title=\"Flyer21\"\n\t\t\t\t\t\t\t\t\tdata-description=\"\"\n\t\t\t\t\t\t\t\t\t\t\t\t\t\t\t\t\t\t\t\t\t\t\t\t\t\t\t\t\t\t\t\t\t\t\t\t\t\t\t\t\t\t\t\t\tclass=\"ngg-fancybox\" rel=\"ea416a36d74b3dde383b54dba3bdb38e\"><picture><source srcset='https:\/\/heimatverein-baccum.de\/wp-content\/gallery\/infoflyer-2016\/Flyer21.jpg'><img class=\"nextgen_pro_sidescroll_image\" title=\"Flyer21\" alt=\"Flyer21\" width=\"1240\" height=\"1215\" style=\"max-width:1240px;max-height:1215px\" src=\"https:\/\/heimatverein-baccum.de\/wp-content\/gallery\/infoflyer-2016\/Flyer21.jpg\" srcset=\"https:\/\/heimatverein-baccum.de\/wp-content\/gallery\/infoflyer-2016\/Flyer21.jpg\" \/><\/picture>\t\t\t\t\t\t\t\t<\/a><\/div><div id=\"ngg-image-6\" class=\"image-wrapper\"><a href=\"https:\/\/heimatverein-baccum.de\/wp-content\/gallery\/infoflyer-2016\/Flyer03.jpg\"\n\t\t\t\t\t\t\t\t\ttitle=\"\"\n\t\t\t\t\t\t\t\t\tdata-ngg-captions-nostylecopy=\"1\"\n\t\t\t\t\t\t\t\t\tdata-src=\"https:\/\/heimatverein-baccum.de\/wp-content\/gallery\/infoflyer-2016\/Flyer03.jpg\"\n\t\t\t\t\t\t\t\t\tdata-thumbnail=\"https:\/\/heimatverein-baccum.de\/wp-content\/gallery\/infoflyer-2016\/thumbs\/thumbs_Flyer03.jpg\"\n\t\t\t\t\t\t\t\t\tdata-image-id=\"231\"\n\t\t\t\t\t\t\t\t\tdata-title=\"Flyer03\"\n\t\t\t\t\t\t\t\t\tdata-description=\"\"\n\t\t\t\t\t\t\t\t\t\t\t\t\t\t\t\t\t\t\t\t\t\t\t\t\t\t\t\t\t\t\t\t\t\t\t\t\t\t\t\t\t\t\t\t\tclass=\"ngg-fancybox\" rel=\"ea416a36d74b3dde383b54dba3bdb38e\"><picture><source srcset='https:\/\/heimatverein-baccum.de\/wp-content\/gallery\/infoflyer-2016\/Flyer03.jpg'><img class=\"nextgen_pro_sidescroll_image\" title=\"Flyer03\" alt=\"Flyer03\" width=\"610\" height=\"1240\" style=\"max-width:610px;max-height:1240px\" src=\"https:\/\/heimatverein-baccum.de\/wp-content\/gallery\/infoflyer-2016\/Flyer03.jpg\" srcset=\"https:\/\/heimatverein-baccum.de\/wp-content\/gallery\/infoflyer-2016\/Flyer03.jpg\" \/><\/picture>\t\t\t\t\t\t\t\t<\/a><\/div><\/div><\/div>\n<\/a><\/p>\n<p>N\u00e4here Informationen zu den vom Heimatverein angebotenen F\u00fchrungen:<\/p>\n<p>Die F\u00fchrungen k\u00f6nnen nach vorheriger Absprache mit einer der nachfolgend genannten Personen durchgef\u00fchrt werden:<\/p>\n<p>Heinrich Schulte, (0591) 51669 &#8211; schwerdt-schulte@t-online.de<\/p>\n<p>Franz-Josef Schoo, 0173 7218009 &#8211; fj.schoo@web.de<\/p>\n<p>Theo Poerschke, (0591) 3597<\/p>\n<p>Josef Haubrich, (0591) 47184<\/p>\n","protected":false},"excerpt":{"rendered":"<p>N\u00e4here Informationen zu den vom Heimatverein angebotenen F\u00fchrungen: Die F\u00fchrungen k\u00f6nnen nach vorheriger Absprache mit einer der nachfolgend genannten Personen durchgef\u00fchrt werden: Heinrich Schulte, (0591) 51669 &#8211; schwerdt-schulte@t-online.de Franz-Josef Schoo, 0173 7218009 &#8211; fj.schoo@web.de Theo Poerschke, (0591) 3597 Josef Haubrich, (0591) 47184<\/p>\n","protected":false},"author":1,"featured_media":0,"parent":0,"menu_order":0,"comment_status":"closed","ping_status":"closed","template":"","meta":{"ngg_post_thumbnail":0,"footnotes":""},"class_list":["post-769","page","type-page","status-publish","hentry"],"_links":{"self":[{"href":"https:\/\/heimatverein-baccum.de\/index.php?rest_route=\/wp\/v2\/pages\/769","targetHints":{"allow":["GET"]}}],"collection":[{"href":"https:\/\/heimatverein-baccum.de\/index.php?rest_route=\/wp\/v2\/pages"}],"about":[{"href":"https:\/\/heimatverein-baccum.de\/index.php?rest_route=\/wp\/v2\/types\/page"}],"author":[{"embeddable":true,"href":"https:\/\/heimatverein-baccum.de\/index.php?rest_route=\/wp\/v2\/users\/1"}],"replies":[{"embeddable":true,"href":"https:\/\/heimatverein-baccum.de\/index.php?rest_route=%2Fwp%2Fv2%2Fcomments&post=769"}],"version-history":[{"count":9,"href":"https:\/\/heimatverein-baccum.de\/index.php?rest_route=\/wp\/v2\/pages\/769\/revisions"}],"predecessor-version":[{"id":2451,"href":"https:\/\/heimatverein-baccum.de\/index.php?rest_route=\/wp\/v2\/pages\/769\/revisions\/2451"}],"wp:attachment":[{"href":"https:\/\/heimatverein-baccum.de\/index.php?rest_route=%2Fwp%2Fv2%2Fmedia&parent=769"}],"curies":[{"name":"wp","href":"https:\/\/api.w.org\/{rel}","templated":true}]}}