{"id":2,"date":"2015-02-19T04:39:32","date_gmt":"2015-02-19T04:39:33","guid":{"rendered":"http:\/\/localhost:8080\/wordpress-4.1.1\/wordpress\/?page_id=2"},"modified":"2025-12-23T20:10:33","modified_gmt":"2025-12-23T19:10:33","slug":"willkommen","status":"publish","type":"page","link":"https:\/\/heimatverein-baccum.de\/","title":{"rendered":"<p style=\"text-align: center;\">Willkommen  beim Heimatverein Baccum e.V.<\/p>"},"content":{"rendered":"<p><a href=\"http:\/\/heimatverein-baccum.de\/wp-content\/uploads\/2016\/02\/BaccumheimathausFront.jpg\" rel=\"attachment wp-att-63\"><img loading=\"lazy\" decoding=\"async\" class=\" wp-image-63 aligncenter\" src=\"http:\/\/heimatverein-baccum.de\/wp-content\/uploads\/2016\/02\/BaccumheimathausFront-300x164.jpg\" alt=\"BaccumheimathausFront\" width=\"451\" height=\"247\" srcset=\"https:\/\/heimatverein-baccum.de\/wp-content\/uploads\/2016\/02\/BaccumheimathausFront-300x164.jpg 300w, https:\/\/heimatverein-baccum.de\/wp-content\/uploads\/2016\/02\/BaccumheimathausFront-768x420.jpg 768w, https:\/\/heimatverein-baccum.de\/wp-content\/uploads\/2016\/02\/BaccumheimathausFront-1024x560.jpg 1024w\" sizes=\"auto, (max-width: 451px) 100vw, 451px\" \/><\/a><\/p>\n<p><a href=\"http:\/\/heimatverein-baccum.de\/wp-content\/uploads\/2016\/02\/BaccumheimathausBeschreibung.jpg\" rel=\"attachment wp-att-61\"><img loading=\"lazy\" decoding=\"async\" class=\" wp-image-61 aligncenter\" src=\"http:\/\/heimatverein-baccum.de\/wp-content\/uploads\/2016\/02\/BaccumheimathausBeschreibung-300x171.jpg\" alt=\"BaccumheimathausBeschreibung\" width=\"346\" height=\"197\" srcset=\"https:\/\/heimatverein-baccum.de\/wp-content\/uploads\/2016\/02\/BaccumheimathausBeschreibung-300x171.jpg 300w, https:\/\/heimatverein-baccum.de\/wp-content\/uploads\/2016\/02\/BaccumheimathausBeschreibung-768x437.jpg 768w, https:\/\/heimatverein-baccum.de\/wp-content\/uploads\/2016\/02\/BaccumheimathausBeschreibung-1024x583.jpg 1024w, https:\/\/heimatverein-baccum.de\/wp-content\/uploads\/2016\/02\/BaccumheimathausBeschreibung.jpg 1745w\" sizes=\"auto, (max-width: 346px) 100vw, 346px\" \/><\/a><\/p>\n<p>Der Heimatverein Baccum hat es sich seit seiner Gr\u00fcndung im Jahre 1979 zu seiner Aufgabe gemacht, in den&nbsp; Lingener Ortsteilen Baccum, Ramsel und M\u00fcnnigb\u00fcren das Brauchtum zu pflegen. Ende&nbsp; 2025 hatte er 383 Mitglieder.<\/p>\n<p>Als Tr\u00e4ger nutzt und verwaltet er auch das im Jahr 1909 errichtete ehemalige Schulhaus als Heimathaus (Haus der Brauchtumspflege), dessen Eigent\u00fcmerin die Stadt Lingen ist. Im Erdgeschoss bietet ein Gruppenraum bis zu 50 Personen Platz.<\/p>\n<p>Verschiedene Veranstaltungen f\u00fchrt der Heimatverein Baccum im Laufe des Jahres durch.<\/p>\n<p style=\"text-align: center;\"><a href=\"http:\/\/heimatverein-baccum.de\/wp-content\/uploads\/2016\/07\/Diverse-0072.jpg\"><img loading=\"lazy\" decoding=\"async\" class=\"wp-image-339 aligncenter\" src=\"http:\/\/heimatverein-baccum.de\/wp-content\/uploads\/2016\/07\/Diverse-0072-300x225.jpg\" alt=\"\" width=\"348\" height=\"261\" srcset=\"https:\/\/heimatverein-baccum.de\/wp-content\/uploads\/2016\/07\/Diverse-0072-300x225.jpg 300w, https:\/\/heimatverein-baccum.de\/wp-content\/uploads\/2016\/07\/Diverse-0072-768x576.jpg 768w, https:\/\/heimatverein-baccum.de\/wp-content\/uploads\/2016\/07\/Diverse-0072-1024x768.jpg 1024w, https:\/\/heimatverein-baccum.de\/wp-content\/uploads\/2016\/07\/Diverse-0072.jpg 1600w\" sizes=\"auto, (max-width: 348px) 100vw, 348px\" \/><\/a>Neben dem Heimathaus haben wir das &#8222;Haus der Brauchtumspflege&#8220;<\/p>\n<p>&nbsp;<\/p>\n","protected":false},"excerpt":{"rendered":"<p>Der Heimatverein Baccum hat es sich seit seiner Gr\u00fcndung im Jahre 1979 zu seiner Aufgabe gemacht, in den&nbsp; Lingener Ortsteilen Baccum, Ramsel und M\u00fcnnigb\u00fcren das Brauchtum zu pflegen. Ende&nbsp; 2025 hatte er 383 Mitglieder. Als Tr\u00e4ger nutzt und verwaltet er auch das im Jahr 1909 errichtete ehemalige Schulhaus als Heimathaus (Haus der Brauchtumspflege), dessen Eigent\u00fcmerin &hellip; <a href=\"https:\/\/heimatverein-baccum.de\/\" class=\"more-link\"><span class=\"screen-reader-text\"><\/p>\n<p style=\"text-align: center;\">Willkommen  beim Heimatverein Baccum e.V.<\/p>\n<p><\/span> weiterlesen <span class=\"meta-nav\">&rarr;<\/span><\/a><\/p>\n","protected":false},"author":1,"featured_media":0,"parent":0,"menu_order":0,"comment_status":"closed","ping_status":"closed","template":"","meta":{"ngg_post_thumbnail":0,"footnotes":""},"class_list":["post-2","page","type-page","status-publish","hentry"],"_links":{"self":[{"href":"https:\/\/heimatverein-baccum.de\/index.php?rest_route=\/wp\/v2\/pages\/2","targetHints":{"allow":["GET"]}}],"collection":[{"href":"https:\/\/heimatverein-baccum.de\/index.php?rest_route=\/wp\/v2\/pages"}],"about":[{"href":"https:\/\/heimatverein-baccum.de\/index.php?rest_route=\/wp\/v2\/types\/page"}],"author":[{"embeddable":true,"href":"https:\/\/heimatverein-baccum.de\/index.php?rest_route=\/wp\/v2\/users\/1"}],"replies":[{"embeddable":true,"href":"https:\/\/heimatverein-baccum.de\/index.php?rest_route=%2Fwp%2Fv2%2Fcomments&post=2"}],"version-history":[{"count":26,"href":"https:\/\/heimatverein-baccum.de\/index.php?rest_route=\/wp\/v2\/pages\/2\/revisions"}],"predecessor-version":[{"id":2446,"href":"https:\/\/heimatverein-baccum.de\/index.php?rest_route=\/wp\/v2\/pages\/2\/revisions\/2446"}],"wp:attachment":[{"href":"https:\/\/heimatverein-baccum.de\/index.php?rest_route=%2Fwp%2Fv2%2Fmedia&parent=2"}],"curies":[{"name":"wp","href":"https:\/\/api.w.org\/{rel}","templated":true}]}}